{"id":5571,"date":"2024-02-08T12:14:16","date_gmt":"2024-02-08T17:14:16","guid":{"rendered":"https:\/\/boloprogram.org\/?page_id=5571"},"modified":"2024-02-12T07:09:05","modified_gmt":"2024-02-12T12:09:05","slug":"politique-concernant-les-fichiers-temoins","status":"publish","type":"page","link":"https:\/\/www.programmebolo.org\/fr\/politique-concernant-les-fichiers-temoins\/","title":{"rendered":"Politique concernant les fichiers t\u00e9moins"},"content":{"rendered":"\n<div style=\"height:100px\" aria-hidden=\"true\" class=\"wp-block-spacer\"><\/div>\n\n\n\n<h1 class=\"wp-block-heading has-text-align-center\"><strong><strong>Politique concernant les fichiers t\u00e9moins<\/strong><\/strong><\/h1>\n\n\n\n<h2 class=\"wp-block-heading\"><strong>INFORMATIONS SUR NOTRE UTILISATION DE T\u00c9MOINS<\/strong><\/h2>\n\n\n\n<p>Notre site utilise des t\u00e9moins pour vous distinguer des autres utilisateurs de notre site. Cela nous aide \u00e0 vous offrir une bonne exp\u00e9rience lorsque vous naviguez sur notre site Web et nous permet \u00e9galement d\u2019am\u00e9liorer notre site. En continuant \u00e0 naviguer sur le site, vous acceptez que nous utilisions des t\u00e9moins.<\/p>\n\n\n\n<p>Un t\u00e9moin est un petit fichier de lettres et de chiffres que nous stockons sur votre navigateur ou sur le disque dur de votre ordinateur si vous y consentez. Les t\u00e9moins contiennent des informations transf\u00e9r\u00e9es sur le disque dur de votre ordinateur.<\/p>\n\n\n\n<h4 class=\"wp-block-heading\"><strong>Liste des fichiers t\u00e9moins<\/strong><\/h4>\n\n\n\n<p>Un fichier t\u00e9moin est un petit fichier de donn\u00e9es (fichier texte) qu&rsquo;un site Web, lorsqu&rsquo;il est consult\u00e9 par un utilisateur, demande \u00e0 votre navigateur de stocker sur votre appareil afin de m\u00e9moriser des informations vous concernant, telles que vos pr\u00e9f\u00e9rences linguistiques ou informations de connexion. Nous configurons ces fichiers t\u00e9moins appel\u00e9s fichiers t\u00e9moins internes. Nous utilisons \u00e9galement des cookies tiers, qui sont des fichiers t\u00e9moins d&rsquo;un domaine diff\u00e9rent de celui du site Web que vous consultez, pour nos efforts de publicit\u00e9 et de marketing. Plus concr\u00e8tement, nous utilisons des fichiers t\u00e9moins et d&rsquo;autres technologies de suivi selon les finalit\u00e9s suivantes :<\/p>\n\n\n\n<h4 class=\"wp-block-heading\">Fichiers t\u00e9moins strictement n\u00e9cessaires<\/h4>\n\n\n\n<p>Ces fichiers t\u00e9moins sont n\u00e9cessaires au fonctionnement du site Web et ne peuvent pas \u00eatre d\u00e9sactiv\u00e9s dans nos syst\u00e8mes. Ils sont g\u00e9n\u00e9ralement \u00e9tablis en tant que r\u00e9ponse \u00e0 des actions que vous avez effectu\u00e9es et qui constituent une demande de services, telles que la d\u00e9finition de vos pr\u00e9f\u00e9rences en mati\u00e8re de confidentialit\u00e9, la connexion ou le remplissage de formulaires. Vous pouvez configurer votre navigateur afin de bloquer ou \u00eatre inform\u00e9 de l&rsquo;existence de ces cookies, mais certaines parties du site Web peuvent \u00eatre affect\u00e9es. Ces fichiers t\u00e9moins ne stockent aucune information d\u2019identification personnelle.<\/p>\n\n\n\n<figure class=\"wp-block-table\"><table><tbody><tr><td><strong><strong>Sous-groupe de fichiers t\u00e9moins<\/strong><\/strong><\/td><td><strong>Fichiers t\u00e9moins<\/strong><\/td><td><strong><strong>Fichiers t\u00e9moins utilis\u00e9s<\/strong><\/strong><\/td><\/tr><tr><td>programmebolo.org<\/td><td>STYXKEY_w, STYXKEY_popup<\/td><td>Fichiers t\u00e9moins internes<\/td><\/tr><\/tbody><\/table><\/figure>\n\n\n\n<h4 class=\"wp-block-heading\"><strong>Fichiers t\u00e9moins de performance<\/strong><\/h4>\n\n\n\n<p>Ces fichiers t\u00e9moins nous permettent de d\u00e9terminer le nombre de visites et les sources du trafic, afin de mesurer et d\u2019am\u00e9liorer les performances de notre site Web. Ils nous aident \u00e9galement \u00e0 identifier les pages les plus \/ moins visit\u00e9es et d\u2019\u00e9valuer comment les visiteurs naviguent sur le site Web. Toutes les informations collect\u00e9es par ces cookies sont agr\u00e9g\u00e9es et donc anonymis\u00e9es. Si vous n&rsquo;acceptez pas ces fichiers t\u00e9moins, nous ne serons pas inform\u00e9s de votre visite sur notre site.<\/p>\n\n\n\n<figure class=\"wp-block-table\"><table><tbody><tr><td><strong><strong>Sous-groupe de fichiers t\u00e9moins<\/strong><\/strong><\/td><td><strong><strong>Fichiers t\u00e9moins<\/strong><\/strong><\/td><td><strong><strong>Fichiers t\u00e9moins utilis\u00e9s<\/strong><\/strong><\/td><\/tr><tr><td>programmebolo.org<\/td><td>_fbp, _ga, _ga_FEREMZNE5R, _gat_gtag_UA_117375505_1, _gcl_au, _gid<\/td><td>Fichiers t\u00e9moins internes<\/td><\/tr><\/tbody><\/table><\/figure>\n\n\n\n<p>Veuillez noter que les tiers (y compris, par exemple, les r\u00e9seaux publicitaires et les fournisseurs de services externes comme les services d\u2019analyse du trafic Web) peuvent \u00e9galement utiliser des t\u00e9moins, sur lesquels nous n\u2019exer\u00e7ons aucun contr\u00f4le. Ces t\u00e9moins sont susceptibles d\u2019\u00eatre des t\u00e9moins \u00e0 des fins d\u2019analyse ou de performance ou des t\u00e9moins \u00e0 des fins de ciblage.<\/p>\n\n\n\n<p>Vous pouvez bloquer les t\u00e9moins en activant le param\u00e8tre de votre navigateur qui vous permet de refuser le param\u00e9trage de tous les t\u00e9moins ou de certains t\u00e9moins. Cependant, si vous utilisez les param\u00e8tres de votre navigateur pour bloquer tous les t\u00e9moins (y compris les t\u00e9moins essentiels), vous ne pourrez peut-\u00eatre pas acc\u00e9der \u00e0 l\u2019ensemble du site ou \u00e0 une partie de celui-ci.<\/p>\n\n\n\n<div style=\"height:100px\" aria-hidden=\"true\" class=\"wp-block-spacer\"><\/div>\n","protected":false},"excerpt":{"rendered":"<p>Politique concernant les fichiers t\u00e9moins INFORMATIONS SUR NOTRE UTILISATION DE T\u00c9MOINS Notre site utilise des t\u00e9moins pour vous distinguer des autres utilisateurs de notre site. Cela nous aide \u00e0 vous offrir une bonne exp\u00e9rience lorsque vous naviguez sur notre site Web et nous permet \u00e9galement d\u2019am\u00e9liorer notre site. En continuant \u00e0 naviguer sur le site, [&hellip;]<\/p>\n","protected":false},"author":3,"featured_media":0,"parent":0,"menu_order":0,"comment_status":"closed","ping_status":"closed","template":"","meta":{"_acf_changed":false,"footnotes":""},"class_list":["post-5571","page","type-page","status-publish","hentry"],"acf":[],"yoast_head":"<!-- This site is optimized with the Yoast SEO Premium plugin v26.1 (Yoast SEO v27.2) - https:\/\/yoast.com\/product\/yoast-seo-premium-wordpress\/ -->\n<title>Politique concernant les fichiers t\u00e9moins - Programme Bolo<\/title>\n<meta name=\"robots\" content=\"index, follow, max-snippet:-1, max-image-preview:large, max-video-preview:-1\" \/>\n<link rel=\"canonical\" href=\"https:\/\/boloprogram.org\/fr\/politique-concernant-les-fichiers-temoins\/\" \/>\n<meta property=\"og:locale\" content=\"fr_FR\" \/>\n<meta property=\"og:type\" content=\"article\" \/>\n<meta property=\"og:title\" content=\"Politique concernant les fichiers t\u00e9moins\" \/>\n<meta property=\"og:description\" content=\"Politique concernant les fichiers t\u00e9moins INFORMATIONS SUR NOTRE UTILISATION DE T\u00c9MOINS Notre site utilise des t\u00e9moins pour vous distinguer des autres utilisateurs de notre site. Cela nous aide \u00e0 vous offrir une bonne exp\u00e9rience lorsque vous naviguez sur notre site Web et nous permet \u00e9galement d\u2019am\u00e9liorer notre site. En continuant \u00e0 naviguer sur le site, [&hellip;]\" \/>\n<meta property=\"og:url\" content=\"https:\/\/boloprogram.org\/fr\/politique-concernant-les-fichiers-temoins\/\" \/>\n<meta property=\"og:site_name\" content=\"Bolo Program\" \/>\n<meta property=\"article:publisher\" content=\"https:\/\/www.facebook.com\/Boloprogram\/\" \/>\n<meta property=\"article:modified_time\" content=\"2024-02-12T12:09:05+00:00\" \/>\n<meta name=\"twitter:card\" content=\"summary_large_image\" \/>\n<meta name=\"twitter:site\" content=\"@boloprogram\" \/>\n<meta name=\"twitter:label1\" content=\"Dur\u00e9e de lecture estim\u00e9e\" \/>\n\t<meta name=\"twitter:data1\" content=\"3 minutes\" \/>\n<script type=\"application\/ld+json\" class=\"yoast-schema-graph\">{\"@context\":\"https:\/\/schema.org\",\"@graph\":[{\"@type\":\"WebPage\",\"@id\":\"https:\/\/boloprogram.org\/fr\/politique-concernant-les-fichiers-temoins\/\",\"url\":\"https:\/\/boloprogram.org\/fr\/politique-concernant-les-fichiers-temoins\/\",\"name\":\"Politique concernant les fichiers t\u00e9moins - Programme Bolo\",\"isPartOf\":{\"@id\":\"https:\/\/www.boloprogram.org\/#website\"},\"datePublished\":\"2024-02-08T17:14:16+00:00\",\"dateModified\":\"2024-02-12T12:09:05+00:00\",\"breadcrumb\":{\"@id\":\"https:\/\/boloprogram.org\/fr\/politique-concernant-les-fichiers-temoins\/#breadcrumb\"},\"inLanguage\":\"fr-FR\",\"potentialAction\":[{\"@type\":\"ReadAction\",\"target\":[\"https:\/\/boloprogram.org\/fr\/politique-concernant-les-fichiers-temoins\/\"]}]},{\"@type\":\"BreadcrumbList\",\"@id\":\"https:\/\/boloprogram.org\/fr\/politique-concernant-les-fichiers-temoins\/#breadcrumb\",\"itemListElement\":[{\"@type\":\"ListItem\",\"position\":1,\"name\":\"Home\",\"item\":\"https:\/\/www.boloprogram.org\/fr\/\"},{\"@type\":\"ListItem\",\"position\":2,\"name\":\"Politique concernant les fichiers t\u00e9moins\"}]},{\"@type\":\"WebSite\",\"@id\":\"https:\/\/www.boloprogram.org\/#website\",\"url\":\"https:\/\/www.boloprogram.org\/\",\"name\":\"Bolo Program\",\"description\":\"Finding Canada&#039;s Most Wanted\",\"publisher\":{\"@id\":\"https:\/\/www.boloprogram.org\/#organization\"},\"potentialAction\":[{\"@type\":\"SearchAction\",\"target\":{\"@type\":\"EntryPoint\",\"urlTemplate\":\"https:\/\/www.boloprogram.org\/?s={search_term_string}\"},\"query-input\":{\"@type\":\"PropertyValueSpecification\",\"valueRequired\":true,\"valueName\":\"search_term_string\"}}],\"inLanguage\":\"fr-FR\"},{\"@type\":\"Organization\",\"@id\":\"https:\/\/www.boloprogram.org\/#organization\",\"name\":\"Bolo Program\",\"url\":\"https:\/\/www.boloprogram.org\/\",\"logo\":{\"@type\":\"ImageObject\",\"inLanguage\":\"fr-FR\",\"@id\":\"https:\/\/www.boloprogram.org\/#\/schema\/logo\/image\/\",\"url\":\"https:\/\/www.boloprogram.org\/wp-content\/uploads\/2020\/05\/logo_fr.png\",\"contentUrl\":\"https:\/\/www.boloprogram.org\/wp-content\/uploads\/2020\/05\/logo_fr.png\",\"width\":627,\"height\":162,\"caption\":\"Bolo Program\"},\"image\":{\"@id\":\"https:\/\/www.boloprogram.org\/#\/schema\/logo\/image\/\"},\"sameAs\":[\"https:\/\/www.facebook.com\/Boloprogram\/\",\"https:\/\/x.com\/boloprogram\"]}]}<\/script>\n<!-- \/ Yoast SEO Premium plugin. -->","yoast_head_json":{"title":"Politique concernant les fichiers t\u00e9moins - Programme Bolo","robots":{"index":"index","follow":"follow","max-snippet":"max-snippet:-1","max-image-preview":"max-image-preview:large","max-video-preview":"max-video-preview:-1"},"canonical":"https:\/\/boloprogram.org\/fr\/politique-concernant-les-fichiers-temoins\/","og_locale":"fr_FR","og_type":"article","og_title":"Politique concernant les fichiers t\u00e9moins","og_description":"Politique concernant les fichiers t\u00e9moins INFORMATIONS SUR NOTRE UTILISATION DE T\u00c9MOINS Notre site utilise des t\u00e9moins pour vous distinguer des autres utilisateurs de notre site. Cela nous aide \u00e0 vous offrir une bonne exp\u00e9rience lorsque vous naviguez sur notre site Web et nous permet \u00e9galement d\u2019am\u00e9liorer notre site. En continuant \u00e0 naviguer sur le site, [&hellip;]","og_url":"https:\/\/boloprogram.org\/fr\/politique-concernant-les-fichiers-temoins\/","og_site_name":"Bolo Program","article_publisher":"https:\/\/www.facebook.com\/Boloprogram\/","article_modified_time":"2024-02-12T12:09:05+00:00","twitter_card":"summary_large_image","twitter_site":"@boloprogram","twitter_misc":{"Dur\u00e9e de lecture estim\u00e9e":"3 minutes"},"schema":{"@context":"https:\/\/schema.org","@graph":[{"@type":"WebPage","@id":"https:\/\/boloprogram.org\/fr\/politique-concernant-les-fichiers-temoins\/","url":"https:\/\/boloprogram.org\/fr\/politique-concernant-les-fichiers-temoins\/","name":"Politique concernant les fichiers t\u00e9moins - Programme Bolo","isPartOf":{"@id":"https:\/\/www.boloprogram.org\/#website"},"datePublished":"2024-02-08T17:14:16+00:00","dateModified":"2024-02-12T12:09:05+00:00","breadcrumb":{"@id":"https:\/\/boloprogram.org\/fr\/politique-concernant-les-fichiers-temoins\/#breadcrumb"},"inLanguage":"fr-FR","potentialAction":[{"@type":"ReadAction","target":["https:\/\/boloprogram.org\/fr\/politique-concernant-les-fichiers-temoins\/"]}]},{"@type":"BreadcrumbList","@id":"https:\/\/boloprogram.org\/fr\/politique-concernant-les-fichiers-temoins\/#breadcrumb","itemListElement":[{"@type":"ListItem","position":1,"name":"Home","item":"https:\/\/www.boloprogram.org\/fr\/"},{"@type":"ListItem","position":2,"name":"Politique concernant les fichiers t\u00e9moins"}]},{"@type":"WebSite","@id":"https:\/\/www.boloprogram.org\/#website","url":"https:\/\/www.boloprogram.org\/","name":"Bolo Program","description":"Finding Canada&#039;s Most Wanted","publisher":{"@id":"https:\/\/www.boloprogram.org\/#organization"},"potentialAction":[{"@type":"SearchAction","target":{"@type":"EntryPoint","urlTemplate":"https:\/\/www.boloprogram.org\/?s={search_term_string}"},"query-input":{"@type":"PropertyValueSpecification","valueRequired":true,"valueName":"search_term_string"}}],"inLanguage":"fr-FR"},{"@type":"Organization","@id":"https:\/\/www.boloprogram.org\/#organization","name":"Bolo Program","url":"https:\/\/www.boloprogram.org\/","logo":{"@type":"ImageObject","inLanguage":"fr-FR","@id":"https:\/\/www.boloprogram.org\/#\/schema\/logo\/image\/","url":"https:\/\/www.boloprogram.org\/wp-content\/uploads\/2020\/05\/logo_fr.png","contentUrl":"https:\/\/www.boloprogram.org\/wp-content\/uploads\/2020\/05\/logo_fr.png","width":627,"height":162,"caption":"Bolo Program"},"image":{"@id":"https:\/\/www.boloprogram.org\/#\/schema\/logo\/image\/"},"sameAs":["https:\/\/www.facebook.com\/Boloprogram\/","https:\/\/x.com\/boloprogram"]}]}},"_links":{"self":[{"href":"https:\/\/www.programmebolo.org\/fr\/wp-json\/wp\/v2\/pages\/5571","targetHints":{"allow":["GET"]}}],"collection":[{"href":"https:\/\/www.programmebolo.org\/fr\/wp-json\/wp\/v2\/pages"}],"about":[{"href":"https:\/\/www.programmebolo.org\/fr\/wp-json\/wp\/v2\/types\/page"}],"author":[{"embeddable":true,"href":"https:\/\/www.programmebolo.org\/fr\/wp-json\/wp\/v2\/users\/3"}],"replies":[{"embeddable":true,"href":"https:\/\/www.programmebolo.org\/fr\/wp-json\/wp\/v2\/comments?post=5571"}],"version-history":[{"count":3,"href":"https:\/\/www.programmebolo.org\/fr\/wp-json\/wp\/v2\/pages\/5571\/revisions"}],"predecessor-version":[{"id":5642,"href":"https:\/\/www.programmebolo.org\/fr\/wp-json\/wp\/v2\/pages\/5571\/revisions\/5642"}],"wp:attachment":[{"href":"https:\/\/www.programmebolo.org\/fr\/wp-json\/wp\/v2\/media?parent=5571"}],"curies":[{"name":"wp","href":"https:\/\/api.w.org\/{rel}","templated":true}]}}